{"id":284,"date":"2021-09-30T00:47:46","date_gmt":"2021-09-30T00:47:46","guid":{"rendered":"https:\/\/www.inmec.net\/usluge\/gorivo-za-dizel-motore\/"},"modified":"2025-07-06T21:35:18","modified_gmt":"2025-07-06T21:35:18","slug":"gorivo-za-dizel-motore","status":"publish","type":"page","link":"https:\/\/www.inmec.net\/sr\/usluge\/gorivo-za-dizel-motore\/","title":{"rendered":"Gorivo za dizel motore"},"content":{"rendered":"\n<p><strong>Gorivo za dizel motore<\/strong>, kada se dugo skladi\u0161ti u rasutom stanju, mo\u017ee lako da se kontaminira bilo kojim brojem stranih tela, od vode i prljav\u0161tine do mikroba u vazduhu \u2013 situaciju prepoznaju mnoge velike naftne kompanije, koje sada preporu\u010duju da se gorivo i rezervoari za gorivo \u010diste redovno.<\/p>\n\n\n\n<p>Kontaminirano gorivo mo\u017ee imati ozbiljan uticaj na \u017eivotni vek motora, performanse i pouzdanost, posebno kada se sistemi za ubrizgavanje visokog pritiska common rail koriste na savremenim motorima. <\/p>\n\n\n\n<p>Asortiman <strong>IPU sistema za poliranje goriva<\/strong> nudi jednostavna i pouzdana re\u0161enja za probleme sa kojima se suo\u010davaju operateri i kompanije za iznajmljivanje koje skladi\u0161te dizel u sredinama koje su izlo\u017eene prodiranju vode ili op\u0161toj kontaminaciji. <\/p>\n\n\n\n<p>U svakom slu\u010daju, gorivo se pumpa iz rezervoara za skladi\u0161tenje i \u201epolira\u201c uklanjajuc\u0301i prakti\u010dno 100% vode i sve \u010destice do 5 mikrona pre nego \u0161to se vrati nazad u rezervoar, elimini\u0161uc\u0301i tro\u0161kove potpunog uklanjanja ili zamene goriva.<\/p>\n\n\n\n<figure class=\"wp-block-image aligncenter size-full\"><img loading=\"lazy\" decoding=\"async\" width=\"684\" height=\"496\" src=\"https:\/\/www.inmec.net\/wp-content\/uploads\/2021\/09\/fuel-polishing.jpg\" alt=\"\" class=\"wp-image-117\" srcset=\"https:\/\/www.inmec.net\/wp-content\/uploads\/2021\/09\/fuel-polishing.jpg 684w, https:\/\/www.inmec.net\/wp-content\/uploads\/2021\/09\/fuel-polishing-300x218.jpg 300w\" sizes=\"auto, (max-width: 684px) 100vw, 684px\" \/><\/figure>\n\n\n\n<h2 class=\"wp-block-heading\">Mobilni ure\u0111aji za pre\u010di\u0161\u0107avanje goriva (tzv. &#8222;fuel polishing&#8220; kolica) <\/h2>\n\n\n\n<p><strong>IPU mobilna kolica za pre\u010di\u0161\u0107avanje goriva<\/strong> su lagane pokretne jedinice namenjene za \u010di\u0161\u0107enje rezervoara za gorivo, buradi i cisterni direktno na licu mesta, i sadr\u017ee savremeni filter-separator koji uklanja potencijalno \u0161tetne \u010destice i vodu iz dizel goriva. Ove jedinice poma\u017eu u za\u0161titi motora od kvara i neplaniranih zaustavljanja, a zbog velike brzine protoka omogu\u0107avaju brzo i efikasno filtriranje. <\/p>\n\n\n\n<p>Glavne prednosti <strong>IPU mobilnog pre\u010di\u0161\u0107avanja goriva<\/strong> su:<\/p>\n\n\n\n<ul class=\"wp-block-list\">\n<li>Lagana konstrukcija i jednostavno preme\u0161tanje sa lokacije na lokaciju<\/li>\n\n\n\n<li>Brzo filtrira gorivo zahvaljuju\u0107i visokom protoku<\/li>\n\n\n\n<li>Jednostavan za kori\u0161\u0107enje i prakti\u010dno ne mo\u017ee da se pogre\u0161i u radu<\/li>\n\n\n\n<li>Lako i uredno se odla\u017ee kada nije u upotrebi<\/li>\n\n\n\n<li>Pouzdano i dosledno filtriranje goriva kako bi se spre\u010dili kvarovi motora<\/li>\n\n\n\n<li>Smanjuje vreme zastoja i tro\u0161kove intervencija<\/li>\n\n\n\n<li>\u0160tedi novac spre\u010davanjem bacanja kontaminiranog goriva<\/li>\n\n\n\n<li>Standardna jedinica dolazi sa filterom od 25 mikrona<\/li>\n\n\n\n<li>Zamenski filteri dostupni su u varijantama od 5, 10 i 25 mikrona<\/li>\n<\/ul>\n","protected":false},"excerpt":{"rendered":"<p>Gorivo za dizel motore, kada se dugo skladi\u0161ti u rasutom stanju, mo\u017ee lako da se kontaminira bilo kojim brojem stranih tela, od vode i prljav\u0161tine do mikroba u vazduhu \u2013 situaciju prepoznaju mnoge velike naftne kompanije, koje sada preporu\u010duju da se gorivo i rezervoari za gorivo \u010diste redovno. Kontaminirano gorivo mo\u017ee imati ozbiljan uticaj na &hellip; <a href=\"https:\/\/www.inmec.net\/sr\/usluge\/gorivo-za-dizel-motore\/\">Continued<\/a><\/p>\n","protected":false},"author":1,"featured_media":0,"parent":260,"menu_order":4,"comment_status":"closed","ping_status":"closed","template":"","meta":{"_acf_changed":false,"inline_featured_image":false,"footnotes":""},"class_list":["post-284","page","type-page","status-publish","hentry"],"acf":[],"_links":{"self":[{"href":"https:\/\/www.inmec.net\/sr\/wp-json\/wp\/v2\/pages\/284","targetHints":{"allow":["GET"]}}],"collection":[{"href":"https:\/\/www.inmec.net\/sr\/wp-json\/wp\/v2\/pages"}],"about":[{"href":"https:\/\/www.inmec.net\/sr\/wp-json\/wp\/v2\/types\/page"}],"author":[{"embeddable":true,"href":"https:\/\/www.inmec.net\/sr\/wp-json\/wp\/v2\/users\/1"}],"replies":[{"embeddable":true,"href":"https:\/\/www.inmec.net\/sr\/wp-json\/wp\/v2\/comments?post=284"}],"version-history":[{"count":3,"href":"https:\/\/www.inmec.net\/sr\/wp-json\/wp\/v2\/pages\/284\/revisions"}],"predecessor-version":[{"id":311,"href":"https:\/\/www.inmec.net\/sr\/wp-json\/wp\/v2\/pages\/284\/revisions\/311"}],"up":[{"embeddable":true,"href":"https:\/\/www.inmec.net\/sr\/wp-json\/wp\/v2\/pages\/260"}],"wp:attachment":[{"href":"https:\/\/www.inmec.net\/sr\/wp-json\/wp\/v2\/media?parent=284"}],"curies":[{"name":"wp","href":"https:\/\/api.w.org\/{rel}","templated":true}]}}