{"id":282,"date":"2021-09-30T00:48:27","date_gmt":"2021-09-30T00:48:27","guid":{"rendered":"https:\/\/www.inmec.net\/usluge\/rudarstvo-i-gradjevinarstvo\/"},"modified":"2025-07-06T15:17:37","modified_gmt":"2025-07-06T15:17:37","slug":"rudarstvo-i-gradjevinarstvo","status":"publish","type":"page","link":"https:\/\/www.inmec.net\/sr\/usluge\/rudarstvo-i-gradjevinarstvo\/","title":{"rendered":"Rudarstvo i gra\u0111evinarstvo"},"content":{"rendered":"\n<p>Od 2007. godine pru\u017eamo pomoc\u0301 u prodaji u regionu <strong>Metso-u<\/strong>, vodec\u0301em proizvo\u0111a\u010du rudarske opreme \u2013 drobilice, sijanja i pratec\u0301e opreme, rezervnih delova i robe. Kao agenti za <strong>Metso<\/strong>, pru\u017eamo konsultacije u vezi sa razli\u010ditim projektima u <strong>Makedoniji, Srbiji, Bosni i Hercegovini, Crnoj Gori, Albaniji i Bugarskoj.<\/strong> <\/p>\n\n<p>Shodno tome, pru\u017eamo konsalting za rudarske i gra\u0111evinske kompanije na Balkanu: <strong>RTB Bor<\/strong> sada <strong>Zijin Bor, Rudnici bakra Sa\u0161a i Buc\u0301im, FeNi, Jugohrom, Arcelor Mittal, Granit, Beton<\/strong> i dr, u vezi sa definisanjem zahteva, projektovanjem , popravke itd. Imamo dobar radni odnos sa Rudarskim institutom u Skoplju i drugim stru\u010dnim konsultantima.<\/p>\n\n<div class=\"wp-block-image\"><figure class=\"aligncenter size-full\"><img loading=\"lazy\" decoding=\"async\" width=\"684\" height=\"496\" src=\"https:\/\/www.inmec.net\/wp-content\/uploads\/2021\/09\/mining-construction.jpg\" alt=\"\" class=\"wp-image-122\" srcset=\"https:\/\/www.inmec.net\/wp-content\/uploads\/2021\/09\/mining-construction.jpg 684w, https:\/\/www.inmec.net\/wp-content\/uploads\/2021\/09\/mining-construction-300x218.jpg 300w\" sizes=\"auto, (max-width: 684px) 100vw, 684px\" \/><\/figure><\/div>\n","protected":false},"excerpt":{"rendered":"<p>Od 2007. godine pru\u017eamo pomoc\u0301 u prodaji u regionu Metso-u, vodec\u0301em proizvo\u0111a\u010du rudarske opreme \u2013 drobilice, sijanja i pratec\u0301e opreme, rezervnih delova i robe. Kao agenti za Metso, pru\u017eamo konsultacije u vezi sa razli\u010ditim projektima u Makedoniji, Srbiji, Bosni i Hercegovini, Crnoj Gori, Albaniji i Bugarskoj. Shodno tome, pru\u017eamo konsalting za rudarske i gra\u0111evinske kompanije &hellip; <a href=\"https:\/\/www.inmec.net\/sr\/usluge\/rudarstvo-i-gradjevinarstvo\/\">Continued<\/a><\/p>\n","protected":false},"author":1,"featured_media":0,"parent":260,"menu_order":3,"comment_status":"closed","ping_status":"closed","template":"","meta":{"_acf_changed":false,"inline_featured_image":false,"footnotes":""},"class_list":["post-282","page","type-page","status-publish","hentry"],"acf":[],"_links":{"self":[{"href":"https:\/\/www.inmec.net\/sr\/wp-json\/wp\/v2\/pages\/282","targetHints":{"allow":["GET"]}}],"collection":[{"href":"https:\/\/www.inmec.net\/sr\/wp-json\/wp\/v2\/pages"}],"about":[{"href":"https:\/\/www.inmec.net\/sr\/wp-json\/wp\/v2\/types\/page"}],"author":[{"embeddable":true,"href":"https:\/\/www.inmec.net\/sr\/wp-json\/wp\/v2\/users\/1"}],"replies":[{"embeddable":true,"href":"https:\/\/www.inmec.net\/sr\/wp-json\/wp\/v2\/comments?post=282"}],"version-history":[{"count":1,"href":"https:\/\/www.inmec.net\/sr\/wp-json\/wp\/v2\/pages\/282\/revisions"}],"predecessor-version":[{"id":283,"href":"https:\/\/www.inmec.net\/sr\/wp-json\/wp\/v2\/pages\/282\/revisions\/283"}],"up":[{"embeddable":true,"href":"https:\/\/www.inmec.net\/sr\/wp-json\/wp\/v2\/pages\/260"}],"wp:attachment":[{"href":"https:\/\/www.inmec.net\/sr\/wp-json\/wp\/v2\/media?parent=282"}],"curies":[{"name":"wp","href":"https:\/\/api.w.org\/{rel}","templated":true}]}}