{"id":280,"date":"2021-09-30T00:51:10","date_gmt":"2021-09-30T00:51:10","guid":{"rendered":"https:\/\/www.inmec.net\/usluge\/sistemi-napajanja\/iznajmljivanje-mobilnih-i-stacionarih-dea\/"},"modified":"2025-07-06T15:10:05","modified_gmt":"2025-07-06T15:10:05","slug":"iznajmljivanje-mobilnih-i-stacionarih-dea","status":"publish","type":"page","link":"https:\/\/www.inmec.net\/sr\/usluge\/sistemi-napajanja\/iznajmljivanje-mobilnih-i-stacionarih-dea\/","title":{"rendered":"Iznajmljivanje mobilnih i stacionarih DEA"},"content":{"rendered":"\n<p>Na\u0161 vozni park za iznajmljivanje agregata sastoji se od generatora u prigu\u0161enim kuc\u0301i\u0161tima i na to\u010dkovima:<\/p>\n\n<p><strong>Iveco Daili<\/strong><\/p>\n\n<p>Mobilni dizel generator FG Wilson P110E 100kVA \/ <strong>80kVA<\/strong> (400\/230VAC, 50Hz, 1500rpm), sa mehani\u010dkom\/elektronskom regulacijom, strujni ormaric\u0301 pozadi sa zavr\u0161etcima kablova i uti\u010dnicama CEE forme 2k16Amp, 2k32Amp, 1k6pol kuc\u0301i\u0161te sa podesivim kuc\u0301i\u0161tem, 1k6 curenje zemlje<\/p>\n\n<p>Prigu\u0161enje zvuka: 59 \/ 66 \/ 75 dBA na 15m \/ 7m \/ 1m<\/p>\n\n<p>Kapacitet rezervoara za gorivo: 235 lit. (za vi\u0161e od 12 sati rada)<\/p>\n\n<p><strong>FG Wilson Pro iznajmljivanje<\/strong><\/p>\n\n<p>Mobilni dizel agregat FG WILSON KSD100P1 100 kVA \/ <strong>80 kVA<\/strong> (400\/230VAC, 50Hz, 1500rpm), sa mehani\u010dkom\/elektronskom regulacijom, Racor turbinski filter filter separator, strujna kabina pozadi sa zavr\u0161etcima kablova i CEE oblik uti\u010dnica 2k2k16Amp3, 2k2k16Amp3 4-polni prekida\u010d u kuc\u0301i\u0161tu sa podesivim uzemljenjem<\/p>\n\n<p>Isklju\u010den zvuk: 59\/66\/75 dB (A) na 15m\/7m\/1m<\/p>\n\n<p>Kapacitet rezervoara za gorivo: 630 lit (za preko 30 sati rada)<\/p>\n\n<p><strong>FG Wilson 2-to\u010dka prikolica<\/strong><\/p>\n\n<p>Mobilni dizel generator FG WILSON P16.5E2S 15 kVA \/ <strong>15 kVA<\/strong> 1-fazni<\/p>\n\n<p>Uti\u010dnice: 2k 32A (jednofazna), 1k 63A (jednofazna)<\/p>\n\n<p>Kapacitet rezervoara: 45 lit. (&gt; 8 sati rada pri punom opterec\u0301enju)<\/p>\n\n<p>Odvojena, samostalna razvodna kutija sa uti\u010dnicama: 32A k2, 13A k3<\/p>\n\n<div class=\"wp-block-image\"><figure class=\"aligncenter size-full\"><img loading=\"lazy\" decoding=\"async\" width=\"684\" height=\"496\" src=\"https:\/\/www.inmec.net\/wp-content\/uploads\/2021\/10\/rental.jpg\" alt=\"\" class=\"wp-image-148\" srcset=\"https:\/\/www.inmec.net\/wp-content\/uploads\/2021\/10\/rental.jpg 684w, https:\/\/www.inmec.net\/wp-content\/uploads\/2021\/10\/rental-300x218.jpg 300w\" sizes=\"auto, (max-width: 684px) 100vw, 684px\" \/><\/figure><\/div>\n\n<p>Na\u0161i klijenti su naj\u010de\u0161\u0107e kompanije iz filmske i reklamne industrije:<\/p>\n\n<p>Emote, Cyber Few Good Men, Tuna Fish Studio, Studio Berar, Cinnerent, Top Cut, Media Plus, Fantastika Film Studio, Idea +, itd. <\/p>\n\n<div class=\"wp-block-image\"><figure class=\"aligncenter size-full\"><img loading=\"lazy\" decoding=\"async\" width=\"684\" height=\"496\" src=\"https:\/\/www.inmec.net\/wp-content\/uploads\/2021\/10\/rental-2.jpg\" alt=\"\" class=\"wp-image-149\" srcset=\"https:\/\/www.inmec.net\/wp-content\/uploads\/2021\/10\/rental-2.jpg 684w, https:\/\/www.inmec.net\/wp-content\/uploads\/2021\/10\/rental-2-300x218.jpg 300w\" sizes=\"auto, (max-width: 684px) 100vw, 684px\" \/><\/figure><\/div>\n","protected":false},"excerpt":{"rendered":"<p>Na\u0161 vozni park za iznajmljivanje agregata sastoji se od generatora u prigu\u0161enim kuc\u0301i\u0161tima i na to\u010dkovima: Iveco Daili Mobilni dizel generator FG Wilson P110E 100kVA \/ 80kVA (400\/230VAC, 50Hz, 1500rpm), sa mehani\u010dkom\/elektronskom regulacijom, strujni ormaric\u0301 pozadi sa zavr\u0161etcima kablova i uti\u010dnicama CEE forme 2k16Amp, 2k32Amp, 1k6pol kuc\u0301i\u0161te sa podesivim kuc\u0301i\u0161tem, 1k6 curenje zemlje Prigu\u0161enje zvuka: &hellip; <a href=\"https:\/\/www.inmec.net\/sr\/usluge\/sistemi-napajanja\/iznajmljivanje-mobilnih-i-stacionarih-dea\/\">Continued<\/a><\/p>\n","protected":false},"author":1,"featured_media":0,"parent":267,"menu_order":6,"comment_status":"closed","ping_status":"closed","template":"","meta":{"_acf_changed":false,"inline_featured_image":false,"footnotes":""},"class_list":["post-280","page","type-page","status-publish","hentry"],"acf":[],"_links":{"self":[{"href":"https:\/\/www.inmec.net\/sr\/wp-json\/wp\/v2\/pages\/280","targetHints":{"allow":["GET"]}}],"collection":[{"href":"https:\/\/www.inmec.net\/sr\/wp-json\/wp\/v2\/pages"}],"about":[{"href":"https:\/\/www.inmec.net\/sr\/wp-json\/wp\/v2\/types\/page"}],"author":[{"embeddable":true,"href":"https:\/\/www.inmec.net\/sr\/wp-json\/wp\/v2\/users\/1"}],"replies":[{"embeddable":true,"href":"https:\/\/www.inmec.net\/sr\/wp-json\/wp\/v2\/comments?post=280"}],"version-history":[{"count":1,"href":"https:\/\/www.inmec.net\/sr\/wp-json\/wp\/v2\/pages\/280\/revisions"}],"predecessor-version":[{"id":281,"href":"https:\/\/www.inmec.net\/sr\/wp-json\/wp\/v2\/pages\/280\/revisions\/281"}],"up":[{"embeddable":true,"href":"https:\/\/www.inmec.net\/sr\/wp-json\/wp\/v2\/pages\/267"}],"wp:attachment":[{"href":"https:\/\/www.inmec.net\/sr\/wp-json\/wp\/v2\/media?parent=280"}],"curies":[{"name":"wp","href":"https:\/\/api.w.org\/{rel}","templated":true}]}}