{"id":278,"date":"2021-09-30T00:49:27","date_gmt":"2021-09-30T00:49:27","guid":{"rendered":"https:\/\/www.inmec.net\/usluge\/sistemi-napajanja\/postprodajne-usluge-odrzavanje-opreme\/"},"modified":"2025-07-06T15:05:26","modified_gmt":"2025-07-06T15:05:26","slug":"postprodajne-usluge-odrzavanje-opreme","status":"publish","type":"page","link":"https:\/\/www.inmec.net\/sr\/usluge\/sistemi-napajanja\/postprodajne-usluge-odrzavanje-opreme\/","title":{"rendered":"Postprodajne usluge \u2013 odr\u017eavanje opreme"},"content":{"rendered":"\n<p><strong>Pravilno odr\u017eavanje generatora<\/strong> je su\u0161tinski aspekt kako bi se osiguralo da oprema funkcioni\u0161e kada i kako treba \u2013 kada se pojave problemi sa napajanjem iz mre\u017ee kao \u0161to su anomalije faze, nestanci struje i nestanci struje (zamra\u010denja). <\/p>\n\n<p>Naravno, reagujemo \u0161to je br\u017ee moguc\u0301e na hitne pozive, ali preporu\u010dujemo raspored odr\u017eavanja koji, u odre\u0111enom trenutku, najbolje odgovara zahtevima i bud\u017eetu korisnika:<\/p>\n\n<ol class=\"wp-block-list\" type=\"1\"><li>godi\u0161nji servis = pregled sa servisom<\/li><li>godi\u0161nji servis + jedan preventivni pregled u intervalima od 6 meseci = 1 pregled + servis<\/li><li>godi\u0161nji servis + jedan preventivni pregled u intervalima od 4 meseca = 2 pregleda + servis<\/li><li>godi\u0161nji servis + jedan preventivni pregled u intervalima od 3 meseca (kvartalno) = 3 pregleda + servis<\/li><li>godi\u0161nji servis + jedan preventivni pregled svakog meseca = 11 pregleda + servis<\/li><\/ol>\n\n<div class=\"wp-block-image\"><figure class=\"aligncenter size-full\"><img loading=\"lazy\" decoding=\"async\" width=\"684\" height=\"496\" src=\"https:\/\/www.inmec.net\/wp-content\/uploads\/2021\/09\/after-sales-care.jpg\" alt=\"\" class=\"wp-image-126\" srcset=\"https:\/\/www.inmec.net\/wp-content\/uploads\/2021\/09\/after-sales-care.jpg 684w, https:\/\/www.inmec.net\/wp-content\/uploads\/2021\/09\/after-sales-care-300x218.jpg 300w\" sizes=\"auto, (max-width: 684px) 100vw, 684px\" \/><\/figure><\/div>\n\n<p>Program <strong>preventivnog odr\u017eavanja generatora<\/strong> obuhvata:<\/p>\n\n<ul class=\"wp-block-list\"><li>proverite kada je bila poslednja provera i bilo kakVAe bele\u0161ke\/komentare<\/li><li>op\u0161ta vizuelna i dodirna inspekcija za curenje, lomljivost creva, parametri na kontroleru<\/li><li>sistem podmazivanja \u2013 nivo ulja, pritisak; zamena ulja i filtera tokom servisa<\/li><li>sistem hla\u0111enja \u2013 nivo i za\u0161tita; dopuniti ili promeniti po potrebi; greja\u010d rashladne te\u010dnosti<\/li><li>sistem goriva \u2013 nivo goriva; promena filtera za gorivo tokom servisa<\/li><li>sistem za filtriranje vazduha \u2013 proverite vazdu\u0161ni filter i o\u010distite ili promenite po potrebi<\/li><li>terminali baterije i punjenje \u2013 zamenite punja\u010d ili bateriju u zavisnosti od stanja (garancija proizvo\u0111a\u010da baterije je obi\u010dno 2 godine \u2013 preventivna promena, preporu\u010duje se);<\/li><li>startovanje i ga\u0161enje, sa periodom hla\u0111enja<\/li><li>proveriti ima li anomalija i popraviti ili<\/li><li>napisati izve\u0161taj sa komentarima i preporukama<\/li><\/ul>\n\n<p>Koristimo samo originalne rezervne delove od proizvo\u0111a\u010da ili njihovih vodec\u0301ih <strong>OEM dobavlja\u010da<\/strong>. Isto va\u017ei i za te\u010dnosti \u2013 ulje i antifriz, kao i za baterije. <\/p>\n\n<p>Ukoliko odre\u0111eni deo nije na na\u0161im zalihama, naru\u010dujemo od proizvo\u0111a\u010da koji \u0161alje kurirskom slu\u017ebom, radi brze isporuke. Za dizel gorivo preporu\u010dujemo kori\u0161c\u0301enje Eurodizela. Za staro gorivo koje dugi niz godina nikada nije dolivano, preporu\u010dujemo laboratorijsku proveru u NIS-u ili dopunu sve\u017eeg goriva radi nadogradnje.<\/p>\n\n<div class=\"wp-block-image\"><figure class=\"aligncenter size-full\"><img loading=\"lazy\" decoding=\"async\" width=\"684\" height=\"496\" src=\"https:\/\/www.inmec.net\/wp-content\/uploads\/2021\/09\/after-sales-care-2.jpg\" alt=\"\" class=\"wp-image-127\" srcset=\"https:\/\/www.inmec.net\/wp-content\/uploads\/2021\/09\/after-sales-care-2.jpg 684w, https:\/\/www.inmec.net\/wp-content\/uploads\/2021\/09\/after-sales-care-2-300x218.jpg 300w\" sizes=\"auto, (max-width: 684px) 100vw, 684px\" \/><\/figure><\/div>\n","protected":false},"excerpt":{"rendered":"<p>Pravilno odr\u017eavanje generatora je su\u0161tinski aspekt kako bi se osiguralo da oprema funkcioni\u0161e kada i kako treba \u2013 kada se pojave problemi sa napajanjem iz mre\u017ee kao \u0161to su anomalije faze, nestanci struje i nestanci struje (zamra\u010denja). Naravno, reagujemo \u0161to je br\u017ee moguc\u0301e na hitne pozive, ali preporu\u010dujemo raspored odr\u017eavanja koji, u odre\u0111enom trenutku, najbolje &hellip; <a href=\"https:\/\/www.inmec.net\/sr\/usluge\/sistemi-napajanja\/postprodajne-usluge-odrzavanje-opreme\/\">Continued<\/a><\/p>\n","protected":false},"author":1,"featured_media":0,"parent":267,"menu_order":5,"comment_status":"closed","ping_status":"closed","template":"","meta":{"_acf_changed":false,"inline_featured_image":false,"footnotes":""},"class_list":["post-278","page","type-page","status-publish","hentry"],"acf":[],"_links":{"self":[{"href":"https:\/\/www.inmec.net\/sr\/wp-json\/wp\/v2\/pages\/278","targetHints":{"allow":["GET"]}}],"collection":[{"href":"https:\/\/www.inmec.net\/sr\/wp-json\/wp\/v2\/pages"}],"about":[{"href":"https:\/\/www.inmec.net\/sr\/wp-json\/wp\/v2\/types\/page"}],"author":[{"embeddable":true,"href":"https:\/\/www.inmec.net\/sr\/wp-json\/wp\/v2\/users\/1"}],"replies":[{"embeddable":true,"href":"https:\/\/www.inmec.net\/sr\/wp-json\/wp\/v2\/comments?post=278"}],"version-history":[{"count":1,"href":"https:\/\/www.inmec.net\/sr\/wp-json\/wp\/v2\/pages\/278\/revisions"}],"predecessor-version":[{"id":279,"href":"https:\/\/www.inmec.net\/sr\/wp-json\/wp\/v2\/pages\/278\/revisions\/279"}],"up":[{"embeddable":true,"href":"https:\/\/www.inmec.net\/sr\/wp-json\/wp\/v2\/pages\/267"}],"wp:attachment":[{"href":"https:\/\/www.inmec.net\/sr\/wp-json\/wp\/v2\/media?parent=278"}],"curies":[{"name":"wp","href":"https:\/\/api.w.org\/{rel}","templated":true}]}}