{"id":276,"date":"2021-09-30T00:50:09","date_gmt":"2021-09-30T00:50:09","guid":{"rendered":"https:\/\/www.inmec.net\/usluge\/sistemi-napajanja\/instalacije-dea-i-pratece-opreme\/"},"modified":"2025-07-06T14:33:37","modified_gmt":"2025-07-06T14:33:37","slug":"instalacije-dea-i-pratece-opreme","status":"publish","type":"page","link":"https:\/\/www.inmec.net\/sr\/usluge\/sistemi-napajanja\/instalacije-dea-i-pratece-opreme\/","title":{"rendered":"Instalacije DEA i prate\u0107e opreme"},"content":{"rendered":"\n<p><strong>Generatori<\/strong> mogu biti male snage od <strong>1-2 kVA<\/strong>, ali su uglavnom izme\u0111u <strong>10 i 600 kVA<\/strong>, a mogu biti i velike elektrane koje prelaze 2500 kVA. Kada se ovi (vec\u0301i) generatori instaliraju na licu mesta, treba uzeti u obzir nekoliko razmatranja:<\/p>\n\n<ul class=\"wp-block-list\"><li>Ako je unutra, obi\u010dno se nalazi u unapred pripremljenoj prostoriji za generatore sa \u010dvrstim ravnim podom i dovoljnom ventilacijom \u2013 izbacite izduvni i vruc\u0301i vazduh iz radijatora napolje i unesite sve\u017e vazduh, idealno du\u017e njegove ose, iz otvora sa \u017ealuzinama na suprotnim krajevima. Prigu\u0161iva\u010di izduvnih gasova (prigu\u0161iva\u010di) treba da budu \u010dvrsto oslonjeni na plafon zbog njihove te\u017eine i vibracija od motora koje bi trebalo da apsorbuju mehovi. Aspekt protivpritiska se mora uzeti u obzir, dvaput proveriti u smislu predlo\u017eene du\u017eine i broja i ugla potrebnih krivina. Ako odstupanja u pre\u010dniku izduvne cevi ne \u010dine protok izduvnih gasova nesmetanim, onda treba tra\u017eiti alternativni, krac\u0301i put. U idealnom slu\u010daju, ventilacija bi trebalo da bude pravilno definisana, proverena (sa proizvo\u0111a\u010dem generatora) i pripremljena tokom pripremne faze generatorske sobe. Pokretne komponente generatora su montirane na bafer protiv vibracija na osnovnom okVAiru \u0161asije, ali imaju prethodno izbu\u0161ene rupe u okVAiru za sidrenje, ako se to zahteva. (Jo\u0161 nismo imali pomeranje generatora bez sidrenja!) <\/li><\/ul>\n\n<ul class=\"wp-block-list\"><li>Ako se generator postavlja napolju, obi\u010dno se nalazi u ogra\u0111enom prostoru da bi se za\u0161titio od vremenskih uticaja \u2013 u tesnoj nadstre\u0161nici otpornoj na vremenske uslove ili u kontejneru. Osim ako nema \u010dvrste ravne povr\u0161ine i prostora za generator, potrebno je u dogovoru sa kupcem napraviti betonsku podlogu (oklopnu, koristec\u0301i armaturu #6 ili #8), dovoljnih dimenzija da se generator postavi u sredinu i obezbedi pristup na obe ili tri strane za odr\u017eavanje (obi\u010dno oko 1m sa svake strane). Opet, zatvoreni generator se mo\u017ee pri\u010dvrstiti na betonsku podlogu, ako kupac to zahteva. U zavisnosti od lokacije i izlo\u017eenosti prolaznicima i huliganizmu, oko njega bi se mogao izgraditi natkriveni sigurnosni kavez kako bi se spre\u010dilo nakupljanje snega i\/ili neovla\u0161c\u0301eni pristup, o\u0161tec\u0301enje ili jednostavno pritiskanje crvenog dugmeta za hitno zaustavljanje koje onemoguc\u0301ava generator!<\/li><\/ul>\n\n<div class=\"wp-block-image\"><figure class=\"aligncenter size-full\"><img loading=\"lazy\" decoding=\"async\" width=\"684\" height=\"496\" src=\"https:\/\/www.inmec.net\/wp-content\/uploads\/2021\/09\/installation.jpg\" alt=\"\" class=\"wp-image-144\" srcset=\"https:\/\/www.inmec.net\/wp-content\/uploads\/2021\/09\/installation.jpg 684w, https:\/\/www.inmec.net\/wp-content\/uploads\/2021\/09\/installation-300x218.jpg 300w\" sizes=\"auto, (max-width: 684px) 100vw, 684px\" \/><\/figure><\/div>\n\n<p>U oba slu\u010daja, potrebno je definisati trasu za kablove za napajanje i signal. Kablovi moraju da idu od mre\u017ee i potro\u0161a\u010da u glavnoj razvodnoj tabli do generatora LTP\/ATS i odatle do generatora.<\/p>\n\n<ul class=\"wp-block-list\"><li>Ako su unutra, kanali sa metalnim poklopcima se \u010desto pripremaju u podu tokom faze izgradnje, a alternativno se provla\u010de preko poda za\u0161tic\u0301eni rampama, ili kroz cevovode du\u017e zidova ili oka\u010deni sa plafona.<\/li><\/ul>\n\n<p>Ako je napolju, idealno bi bilo da postoji kanal u trotoaru ili podlozi kroz koji bi kablovi bili usmereni odozdo do glavnog prekida\u010da i kontrolera unutar kuc\u0301i\u0161ta generatora. Isti kanal bi mogao biti sa strane zgrade i onda bi kablovi bili kanalisani do LTP\/ATS i glavne centrale unutar zgrade.<\/p>\n","protected":false},"excerpt":{"rendered":"<p>Generatori mogu biti male snage od 1-2 kVA, ali su uglavnom izme\u0111u 10 i 600 kVA, a mogu biti i velike elektrane koje prelaze 2500 kVA. Kada se ovi (vec\u0301i) generatori instaliraju na licu mesta, treba uzeti u obzir nekoliko razmatranja: Ako je unutra, obi\u010dno se nalazi u unapred pripremljenoj prostoriji za generatore sa \u010dvrstim &hellip; <a href=\"https:\/\/www.inmec.net\/sr\/usluge\/sistemi-napajanja\/instalacije-dea-i-pratece-opreme\/\">Continued<\/a><\/p>\n","protected":false},"author":1,"featured_media":0,"parent":267,"menu_order":4,"comment_status":"closed","ping_status":"closed","template":"","meta":{"_acf_changed":false,"inline_featured_image":false,"footnotes":""},"class_list":["post-276","page","type-page","status-publish","hentry"],"acf":[],"_links":{"self":[{"href":"https:\/\/www.inmec.net\/sr\/wp-json\/wp\/v2\/pages\/276","targetHints":{"allow":["GET"]}}],"collection":[{"href":"https:\/\/www.inmec.net\/sr\/wp-json\/wp\/v2\/pages"}],"about":[{"href":"https:\/\/www.inmec.net\/sr\/wp-json\/wp\/v2\/types\/page"}],"author":[{"embeddable":true,"href":"https:\/\/www.inmec.net\/sr\/wp-json\/wp\/v2\/users\/1"}],"replies":[{"embeddable":true,"href":"https:\/\/www.inmec.net\/sr\/wp-json\/wp\/v2\/comments?post=276"}],"version-history":[{"count":1,"href":"https:\/\/www.inmec.net\/sr\/wp-json\/wp\/v2\/pages\/276\/revisions"}],"predecessor-version":[{"id":277,"href":"https:\/\/www.inmec.net\/sr\/wp-json\/wp\/v2\/pages\/276\/revisions\/277"}],"up":[{"embeddable":true,"href":"https:\/\/www.inmec.net\/sr\/wp-json\/wp\/v2\/pages\/267"}],"wp:attachment":[{"href":"https:\/\/www.inmec.net\/sr\/wp-json\/wp\/v2\/media?parent=276"}],"curies":[{"name":"wp","href":"https:\/\/api.w.org\/{rel}","templated":true}]}}