{"id":272,"date":"2021-09-30T00:50:49","date_gmt":"2021-09-30T00:50:49","guid":{"rendered":"https:\/\/www.inmec.net\/usluge\/sistemi-napajanja\/projektovanje\/"},"modified":"2025-07-06T14:28:42","modified_gmt":"2025-07-06T14:28:42","slug":"projektovanje","status":"publish","type":"page","link":"https:\/\/www.inmec.net\/sr\/usluge\/sistemi-napajanja\/projektovanje\/","title":{"rendered":"Projektovanje"},"content":{"rendered":"\n<p>U\u010destvovali smo na <strong>nebrojenim projektima<\/strong> u regionu i sami smo uspe\u0161no pustili u rad preko <strong>400 instalacija <\/strong>za veoma razli\u010dite kupce i lokacije. Kroz kVAlitetan pristup pru\u017eanju najbolje usluge na\u0161im klijentima, postigli smo visok nivo po\u0161tovanja i time stekli reputaciju pouzdanog i pouzdanog partnera.<\/p>\n\n<p>Na\u0161e osoblje ima sposobnosti<strong>i stru\u010dnost da podnese ideju kupca na vi\u0161i nivo. Iskustvo, <\/strong>ve\u0161tine i pravilno definisanje zahteva spajaju se kako bi se osiguralo da kupac dobije optimalnu ponudu i, gde je potrebno, dizajn projekta.<\/p>\n\n<div class=\"wp-block-image\"><figure class=\"aligncenter size-full\"><img loading=\"lazy\" decoding=\"async\" width=\"684\" height=\"496\" src=\"https:\/\/www.inmec.net\/wp-content\/uploads\/2021\/09\/project-design.jpg\" alt=\"\" class=\"wp-image-140\" srcset=\"https:\/\/www.inmec.net\/wp-content\/uploads\/2021\/09\/project-design.jpg 684w, https:\/\/www.inmec.net\/wp-content\/uploads\/2021\/09\/project-design-300x218.jpg 300w\" sizes=\"auto, (max-width: 684px) 100vw, 684px\" \/><\/figure><\/div>\n","protected":false},"excerpt":{"rendered":"<p>U\u010destvovali smo na nebrojenim projektima u regionu i sami smo uspe\u0161no pustili u rad preko 400 instalacija za veoma razli\u010dite kupce i lokacije. Kroz kVAlitetan pristup pru\u017eanju najbolje usluge na\u0161im klijentima, postigli smo visok nivo po\u0161tovanja i time stekli reputaciju pouzdanog i pouzdanog partnera. Na\u0161e osoblje ima sposobnostii stru\u010dnost da podnese ideju kupca na vi\u0161i &hellip; <a href=\"https:\/\/www.inmec.net\/sr\/usluge\/sistemi-napajanja\/projektovanje\/\">Continued<\/a><\/p>\n","protected":false},"author":1,"featured_media":0,"parent":267,"menu_order":3,"comment_status":"closed","ping_status":"closed","template":"","meta":{"_acf_changed":false,"inline_featured_image":false,"footnotes":""},"class_list":["post-272","page","type-page","status-publish","hentry"],"acf":[],"_links":{"self":[{"href":"https:\/\/www.inmec.net\/sr\/wp-json\/wp\/v2\/pages\/272","targetHints":{"allow":["GET"]}}],"collection":[{"href":"https:\/\/www.inmec.net\/sr\/wp-json\/wp\/v2\/pages"}],"about":[{"href":"https:\/\/www.inmec.net\/sr\/wp-json\/wp\/v2\/types\/page"}],"author":[{"embeddable":true,"href":"https:\/\/www.inmec.net\/sr\/wp-json\/wp\/v2\/users\/1"}],"replies":[{"embeddable":true,"href":"https:\/\/www.inmec.net\/sr\/wp-json\/wp\/v2\/comments?post=272"}],"version-history":[{"count":3,"href":"https:\/\/www.inmec.net\/sr\/wp-json\/wp\/v2\/pages\/272\/revisions"}],"predecessor-version":[{"id":275,"href":"https:\/\/www.inmec.net\/sr\/wp-json\/wp\/v2\/pages\/272\/revisions\/275"}],"up":[{"embeddable":true,"href":"https:\/\/www.inmec.net\/sr\/wp-json\/wp\/v2\/pages\/267"}],"wp:attachment":[{"href":"https:\/\/www.inmec.net\/sr\/wp-json\/wp\/v2\/media?parent=272"}],"curies":[{"name":"wp","href":"https:\/\/api.w.org\/{rel}","templated":true}]}}