{"id":268,"date":"2021-09-30T00:50:30","date_gmt":"2021-09-30T00:50:30","guid":{"rendered":"https:\/\/www.inmec.net\/usluge\/sistemi-napajanja\/dizel-i-benzinski-elektro-agregati\/"},"modified":"2025-07-06T14:11:47","modified_gmt":"2025-07-06T14:11:47","slug":"dizel-i-benzinski-elektro-agregati","status":"publish","type":"page","link":"https:\/\/www.inmec.net\/sr\/usluge\/sistemi-napajanja\/dizel-i-benzinski-elektro-agregati\/","title":{"rendered":"Dizel i benzinski elektro agregati"},"content":{"rendered":"\n<p><strong>InMEC <\/strong>je ovla\u0161c\u0301eni diler i servisni partner elektri\u010dnih generatora na dizel motore marke FG Wilson iz Severne Irske, UK, pru\u017eajuc\u0301i ekspertizu za projektovanje, monta\u017eu i odr\u017eavanje u jugoisto\u010dnoj Evropi uglavnom, ali ne samo u Makedoniji i Srbiji. Na\u0161 rad u proteklih 30 godina doveo je do respektabilne liste zadovoljnih kupaca koji su prepoznali i cene na\u0161e znanje, posvec\u0301enost i integritet.<\/p>\n\n<p><strong>FG Wilson<\/strong> je specijalizovani proizvo\u0111a\u010d elektri\u010dnih generatora sa pogonom na dizel motore i pomoc\u0301ne opreme, vodec\u0301i brend \u0161irom sveta, snabdevajuc\u0301i krajnje korisnike savremenim i visokotehnolo\u0161kim re\u0161enjima u dizajnu, kvalitetu, pouzdanosti i opsegu snage.<\/p>\n\n<div class=\"wp-block-image\"><figure class=\"aligncenter size-full\"><img loading=\"lazy\" decoding=\"async\" width=\"684\" height=\"496\" src=\"https:\/\/www.inmec.net\/wp-content\/uploads\/2021\/09\/power-generators-3.jpg\" alt=\"\" class=\"wp-image-136\" srcset=\"https:\/\/www.inmec.net\/wp-content\/uploads\/2021\/09\/power-generators-3.jpg 684w, https:\/\/www.inmec.net\/wp-content\/uploads\/2021\/09\/power-generators-3-300x218.jpg 300w\" sizes=\"auto, (max-width: 684px) 100vw, 684px\" \/><\/figure><\/div>\n\n<p>Iz najsofisticiranijih proizvodnih pogona u Severnoj Irskoj, godi\u0161nje se \u0161irom sveta proizvodi i prodaje preko 80.000 generatora u rasponu od 9 do 2500 kVA. Sa dodatnim kapacitetima u Brazilu, Kini i Indiji, oni su jedan od, ako ne i <em>najvec\u0301i<\/em> proizvo\u0111a\u010d dizel agregata na svetu.<\/p>\n\n<p>Pored standardne specifikacije, kupcima nudimo zvu\u010dno prigu\u0161ena kuc\u0301i\u0161ta \u2013ili kontejnere otporne na vremenske uslove, prikolice, digitalne upravlja\u010dke ure\u0111aje sa daljinskom komunikacijom i kontrolom, panele za prenos opterec\u0301enja od 63 do 6300A itd.<\/p>\n\n<div class=\"wp-block-image\"><figure class=\"aligncenter size-full\"><img loading=\"lazy\" decoding=\"async\" width=\"684\" height=\"496\" src=\"https:\/\/www.inmec.net\/wp-content\/uploads\/2021\/09\/power-generators.jpg\" alt=\"\" class=\"wp-image-134\" srcset=\"https:\/\/www.inmec.net\/wp-content\/uploads\/2021\/09\/power-generators.jpg 684w, https:\/\/www.inmec.net\/wp-content\/uploads\/2021\/09\/power-generators-300x218.jpg 300w\" sizes=\"auto, (max-width: 684px) 100vw, 684px\" \/><\/figure><\/div>\n\n<p>Da bismo \u0161to bolje zadovoljili razli\u010dite potrebe na\u0161ih kupaca, pored brenda FG Wilson sa Perkins motorima, nudimo i proizvode italijanskih proizvo\u0111a\u010da <strong>Elcos<\/strong>, <strong>Green Pover<\/strong> i <strong>Visa<\/strong> i <strong>Emsa<\/strong> iz Turske.<\/p>\n\n<p>Svi su, naravno, sertifikovani kvalitetom i pru\u017eili su odli\u010dnu podr\u0161ku sa visokim nivoom prilago\u0111avanja, koristec\u0301i proverene dizel motore kao \u0161to su Volvo, Cummins, Deutz, MTU, Perkins, John Deere, Iveco, Ianmar, Mitsubishi, Doosan, Baudouin itd. , alternatori, kontroleri, kapacitet rezervoara za gorivo, smanjenje buke, kontroleri. Oni tako\u0111e imaju tendenciju da imaju relativno kratko vreme isporuke i ni\u017ee cene.<\/p>\n\n<div class=\"wp-block-image\"><figure class=\"aligncenter size-full\"><img loading=\"lazy\" decoding=\"async\" width=\"684\" height=\"496\" src=\"https:\/\/www.inmec.net\/wp-content\/uploads\/2021\/09\/power-generators-2.jpg\" alt=\"\" class=\"wp-image-135\" srcset=\"https:\/\/www.inmec.net\/wp-content\/uploads\/2021\/09\/power-generators-2.jpg 684w, https:\/\/www.inmec.net\/wp-content\/uploads\/2021\/09\/power-generators-2-300x218.jpg 300w\" sizes=\"auto, (max-width: 684px) 100vw, 684px\" \/><\/figure><\/div>\n","protected":false},"excerpt":{"rendered":"<p>InMEC je ovla\u0161c\u0301eni diler i servisni partner elektri\u010dnih generatora na dizel motore marke FG Wilson iz Severne Irske, UK, pru\u017eajuc\u0301i ekspertizu za projektovanje, monta\u017eu i odr\u017eavanje u jugoisto\u010dnoj Evropi uglavnom, ali ne samo u Makedoniji i Srbiji. Na\u0161 rad u proteklih 30 godina doveo je do respektabilne liste zadovoljnih kupaca koji su prepoznali i cene &hellip; <a href=\"https:\/\/www.inmec.net\/sr\/usluge\/sistemi-napajanja\/dizel-i-benzinski-elektro-agregati\/\">Continued<\/a><\/p>\n","protected":false},"author":1,"featured_media":0,"parent":267,"menu_order":1,"comment_status":"closed","ping_status":"closed","template":"","meta":{"_acf_changed":false,"inline_featured_image":false,"footnotes":""},"class_list":["post-268","page","type-page","status-publish","hentry"],"acf":[],"_links":{"self":[{"href":"https:\/\/www.inmec.net\/sr\/wp-json\/wp\/v2\/pages\/268","targetHints":{"allow":["GET"]}}],"collection":[{"href":"https:\/\/www.inmec.net\/sr\/wp-json\/wp\/v2\/pages"}],"about":[{"href":"https:\/\/www.inmec.net\/sr\/wp-json\/wp\/v2\/types\/page"}],"author":[{"embeddable":true,"href":"https:\/\/www.inmec.net\/sr\/wp-json\/wp\/v2\/users\/1"}],"replies":[{"embeddable":true,"href":"https:\/\/www.inmec.net\/sr\/wp-json\/wp\/v2\/comments?post=268"}],"version-history":[{"count":1,"href":"https:\/\/www.inmec.net\/sr\/wp-json\/wp\/v2\/pages\/268\/revisions"}],"predecessor-version":[{"id":269,"href":"https:\/\/www.inmec.net\/sr\/wp-json\/wp\/v2\/pages\/268\/revisions\/269"}],"up":[{"embeddable":true,"href":"https:\/\/www.inmec.net\/sr\/wp-json\/wp\/v2\/pages\/267"}],"wp:attachment":[{"href":"https:\/\/www.inmec.net\/sr\/wp-json\/wp\/v2\/media?parent=268"}],"curies":[{"name":"wp","href":"https:\/\/api.w.org\/{rel}","templated":true}]}}