{"id":265,"date":"2021-09-30T00:52:12","date_gmt":"2021-09-30T00:52:12","guid":{"rendered":"https:\/\/www.inmec.net\/usluge\/telekomunikacije\/tehnicki-sistemi-zastite\/"},"modified":"2025-07-06T14:01:24","modified_gmt":"2025-07-06T14:01:24","slug":"tehnicki-sistemi-zastite","status":"publish","type":"page","link":"https:\/\/www.inmec.net\/sr\/usluge\/telekomunikacije\/tehnicki-sistemi-zastite\/","title":{"rendered":"Tehni\u010dki sistemi za\u0161tite"},"content":{"rendered":"\n<p><strong>InMEC<\/strong> pru\u017ea usluge i re\u0161enja po sistemu \u201eklju\u010d u ruke\u201c u oblasti tehni\u010dke za\u0161tite i automatske kontrole. Na\u0161 stru\u010dni tim se bavi procenom rizika, planiranjem, projektovanjem, implementacijom i odr\u017eavanjem sistema tehni\u010dke za\u0161tite, automatizacije i integrisanog nadzora i upravljanja.<\/p>\n\n<div class=\"wp-block-image\"><figure class=\"aligncenter size-full\"><img loading=\"lazy\" decoding=\"async\" width=\"684\" height=\"496\" src=\"https:\/\/www.inmec.net\/wp-content\/uploads\/2021\/09\/technical-protection-systems-1.jpg\" alt=\"\" class=\"wp-image-104\" srcset=\"https:\/\/www.inmec.net\/wp-content\/uploads\/2021\/09\/technical-protection-systems-1.jpg 684w, https:\/\/www.inmec.net\/wp-content\/uploads\/2021\/09\/technical-protection-systems-1-300x218.jpg 300w\" sizes=\"auto, (max-width: 684px) 100vw, 684px\" \/><\/figure><\/div>\n\n<ul class=\"wp-block-list\"><li>SISTEMI VIDEO NADZORA SA INTEGRISANOM ANALITIKOM<\/li><li>INTEGRACIJA SISTEMA BEZBEDNOSTI, ZA\u0160TITE \u017dIVOTA I UPRAVLJANJA OBJEKTIMA<\/li><li>SISTEMI PROTIVPROVALE I ZA\u0160TITA PERIMETRA<\/li><li>SISTEMI KONTROLE PRISTUPA I EVIDENCIJE RADNOG VREMENA<\/li><li>RAZGLASNI SISTEM I SISTEM GLASOVNE ALARMIRANJE<\/li><li>SISTEMI ZA UPRAVLJANJE OBJEKTIMA<\/li><\/ul>\n\n<div class=\"wp-block-image\"><figure class=\"aligncenter size-full\"><img loading=\"lazy\" decoding=\"async\" width=\"684\" height=\"496\" src=\"https:\/\/www.inmec.net\/wp-content\/uploads\/2021\/09\/technical-protection-systems-2.jpg\" alt=\"\" class=\"wp-image-105\" srcset=\"https:\/\/www.inmec.net\/wp-content\/uploads\/2021\/09\/technical-protection-systems-2.jpg 684w, https:\/\/www.inmec.net\/wp-content\/uploads\/2021\/09\/technical-protection-systems-2-300x218.jpg 300w\" sizes=\"auto, (max-width: 684px) 100vw, 684px\" \/><\/figure><\/div>\n\n<p><strong>Reference<\/strong><\/p>\n\n<p><strong>Projekat Safe City (video nadzor)<\/strong> u saradnji sa Roaming Networks \u2013 Huawei \u2013 Ministarstvo unutra\u0161njih poslova Republike Srbije. Zadatak projekta: implementacija mre\u017ee video nadzora na 235 raskrsnica u gradu Beogradu.<\/p>\n\n<p>Projekat za implementaciju FTTx mre\u017ea i transformaciju na ALL IP tehnologiju za <strong>Telekom Srbija<\/strong>. Lokacije:<\/p>\n\n<ul class=\"wp-block-list\"><li>Beograd<\/li><li>Pan\u010devo<\/li><li>Valjevo<\/li><li>Leskovac<\/li><li>Kragujevac<\/li><li>Po\u017earevac<\/li><li>Mokrin<\/li><li>U\u017eice<\/li><\/ul>\n\n<p><strong>AMRES<\/strong> (Akademska mre\u017ea Republike Srbije) \u2013 Investitor: Ministarstvo turizma, trgovine i telekomunikacije<\/p>\n\n<p><strong>Mtel Banja Luka<\/strong> \u2013 Projekat modernizacije FTTx mre\u017ea u zvorni\u010dkom regionu, ALL IP Zvornik<\/p>\n\n<p><strong>Izgradnja ODN<\/strong> opti\u010dkih mre\u017ea za HEP (Hrvatska elektroprivreda) i Hrvatski Telekom. Lokacije:<\/p>\n\n<ul class=\"wp-block-list\"><li>Rijeka<\/li><li>Opatija<\/li><\/ul>\n\n<div class=\"wp-block-image\"><figure class=\"aligncenter size-full\"><img loading=\"lazy\" decoding=\"async\" width=\"684\" height=\"496\" src=\"https:\/\/www.inmec.net\/wp-content\/uploads\/2021\/09\/technical-protection-systems-3.jpg\" alt=\"\" class=\"wp-image-106\" srcset=\"https:\/\/www.inmec.net\/wp-content\/uploads\/2021\/09\/technical-protection-systems-3.jpg 684w, https:\/\/www.inmec.net\/wp-content\/uploads\/2021\/09\/technical-protection-systems-3-300x218.jpg 300w\" sizes=\"auto, (max-width: 684px) 100vw, 684px\" \/><\/figure><\/div>\n","protected":false},"excerpt":{"rendered":"<p>InMEC pru\u017ea usluge i re\u0161enja po sistemu \u201eklju\u010d u ruke\u201c u oblasti tehni\u010dke za\u0161tite i automatske kontrole. Na\u0161 stru\u010dni tim se bavi procenom rizika, planiranjem, projektovanjem, implementacijom i odr\u017eavanjem sistema tehni\u010dke za\u0161tite, automatizacije i integrisanog nadzora i upravljanja. SISTEMI VIDEO NADZORA SA INTEGRISANOM ANALITIKOM INTEGRACIJA SISTEMA BEZBEDNOSTI, ZA\u0160TITE \u017dIVOTA I UPRAVLJANJA OBJEKTIMA SISTEMI PROTIVPROVALE I &hellip; <a href=\"https:\/\/www.inmec.net\/sr\/usluge\/telekomunikacije\/tehnicki-sistemi-zastite\/\">Continued<\/a><\/p>\n","protected":false},"author":1,"featured_media":0,"parent":261,"menu_order":0,"comment_status":"closed","ping_status":"closed","template":"","meta":{"_acf_changed":false,"inline_featured_image":false,"footnotes":""},"class_list":["post-265","page","type-page","status-publish","hentry"],"acf":[],"_links":{"self":[{"href":"https:\/\/www.inmec.net\/sr\/wp-json\/wp\/v2\/pages\/265","targetHints":{"allow":["GET"]}}],"collection":[{"href":"https:\/\/www.inmec.net\/sr\/wp-json\/wp\/v2\/pages"}],"about":[{"href":"https:\/\/www.inmec.net\/sr\/wp-json\/wp\/v2\/types\/page"}],"author":[{"embeddable":true,"href":"https:\/\/www.inmec.net\/sr\/wp-json\/wp\/v2\/users\/1"}],"replies":[{"embeddable":true,"href":"https:\/\/www.inmec.net\/sr\/wp-json\/wp\/v2\/comments?post=265"}],"version-history":[{"count":1,"href":"https:\/\/www.inmec.net\/sr\/wp-json\/wp\/v2\/pages\/265\/revisions"}],"predecessor-version":[{"id":266,"href":"https:\/\/www.inmec.net\/sr\/wp-json\/wp\/v2\/pages\/265\/revisions\/266"}],"up":[{"embeddable":true,"href":"https:\/\/www.inmec.net\/sr\/wp-json\/wp\/v2\/pages\/261"}],"wp:attachment":[{"href":"https:\/\/www.inmec.net\/sr\/wp-json\/wp\/v2\/media?parent=265"}],"curies":[{"name":"wp","href":"https:\/\/api.w.org\/{rel}","templated":true}]}}