{"id":263,"date":"2021-09-30T00:51:50","date_gmt":"2021-09-30T00:51:50","guid":{"rendered":"https:\/\/www.inmec.net\/usluge\/telekomunikacije\/racunarske-mreze-i-strukturisano-kabliranje\/"},"modified":"2025-07-06T13:13:19","modified_gmt":"2025-07-06T13:13:19","slug":"racunarske-mreze-i-strukturisano-kabliranje","status":"publish","type":"page","link":"https:\/\/www.inmec.net\/sr\/usluge\/telekomunikacije\/racunarske-mreze-i-strukturisano-kabliranje\/","title":{"rendered":"Ra\u010dunarske mre\u017ee i strukturisano kabliranje"},"content":{"rendered":"\n<p><strong>InMEC<\/strong> je posve\u0107en radu sa postoje\u0107im i potencijalnim klijentima na definisanju njihovih potreba i zajedni\u010dkom pronala\u017eenju optimalnih re\u0161enja kako bi postali \u2013 i ostali \u2013 konkurentni u savremenom okru\u017eenju koje karakteri\u0161e ubrzan tehnolo\u0161ki razvoj. Kreiranjem i odr\u017eavanjem pouzdane, skalabilne i fleksibilne mre\u017ene infrastrukture, <strong>InMEC<\/strong> svojim klijentima omogu\u0107ava ne samo efikasnije poslovanje u sada\u0161njosti, ve\u0107 ih i pozicionira da se uspe\u0161nije suo\u010de sa izazovima budu\u0107nosti.<\/p>\n\n<p>Tokom godina, na\u0161 tim je stekao bogato iskustvo u proceni potreba klijenata, kao i u planiranju, projektovanju i implementaciji infrastrukture i prate\u0107ih usluga u skladu sa zahtevima i odobrenjem klijenta. Ove konsultantske usluge zasnovane su na profesionalnom pristupu, najsavremenijim alatima i tehnikama, \u0161to rezultira re\u0161enjima zasnovanim na najboljim praksama. Kada su precizno implementirana, ova re\u0161enja poma\u017eu u smanjenju rizika, skra\u0107uju period implementacije i time smanjuju ukupne tro\u0161kove projekta.<\/p>\n\n<div class=\"wp-block-image\"><figure class=\"aligncenter size-full\"><img loading=\"lazy\" decoding=\"async\" width=\"684\" height=\"496\" src=\"https:\/\/www.inmec.net\/wp-content\/uploads\/2021\/09\/computer-networking-structured-cabling-1.jpg\" alt=\"\" class=\"wp-image-100\" srcset=\"https:\/\/www.inmec.net\/wp-content\/uploads\/2021\/09\/computer-networking-structured-cabling-1.jpg 684w, https:\/\/www.inmec.net\/wp-content\/uploads\/2021\/09\/computer-networking-structured-cabling-1-300x218.jpg 300w\" sizes=\"auto, (max-width: 684px) 100vw, 684px\" \/><\/figure><\/div>\n\n<h2 class=\"wp-block-heading\"><strong>Re\u0161enja za mre\u017enu povezanost<\/strong><\/h2>\n\n<ul class=\"wp-block-list\"><li><strong>Lokalne mre\u017ee (LAN)<\/strong> \u2013 Na\u0161e iskustvo potvr\u0111uje da izgradnja LAN mre\u017ee za povezivanje ra\u010dunara u manjim organizacijama zna\u010dajno pobolj\u0161ava njihovu efikasnost u radu na mre\u017ei. Povezivanjem ra\u010dunara, \u0161tampa\u010da, servera i druge periferne opreme organizacije na jedinstvenu platformu, korisnicima se omogu\u0107ava brzo, jednostavno i pouzdano deljenje hardvera, aplikacija i fajlova. LAN tako\u0111e omogu\u0107ava pristup internetu, komunikaciju putem e-po\u0161te i podr\u017eava centralizovane bekape podataka.<\/li><li><strong>Kablovske mre\u017ee<\/strong> \u2013 Ove (kablovske) mre\u017ee podr\u017eavaju najnoviju gigabit Ethernet i glasovnu tehnologiju. InMEC ima dokazanu stru\u010dnost u projektovanju i instalaciji kablovskih infrastruktura koje zadovoljavaju savremene zahteve, uz fleksibilnost da se prilagode budu\u0107em rastu i drugim potencijalnim potrebama.<\/li><li><strong>Be\u017ei\u010dne mre\u017ee<\/strong> \u2013 Za manje ili dinami\u010dnije sredine, be\u017ei\u010dna mre\u017ea predstavlja isplativu alternativu kablovima. Kori\u0161\u0107enjem novih DSL tehnologija i sigurnih firewall sistema, internet konekcija mo\u017ee omogu\u0107iti br\u017ea preuzimanja podataka i pristup izme\u0111u lokacija u skladu sa ta\u010dnim zahtevima korisnika.<\/li><li><strong>Re\u0161enja sa opti\u010dkim vlaknima <\/strong>\u2013 InMEC projektuje i obezbe\u0111uje \u0161irok izbor sistema za prenos putem opti\u010dkih vlakana, za tehnologije ta\u010dka-ka-ta\u010dka i ta\u010dka-ka-vi\u0161e ta\u010daka.<\/li><\/ul>\n\n<div class=\"wp-block-image\"><figure class=\"aligncenter size-full\"><img loading=\"lazy\" decoding=\"async\" width=\"684\" height=\"496\" src=\"https:\/\/www.inmec.net\/wp-content\/uploads\/2021\/09\/computer-networking-structured-cabling-2.jpg\" alt=\"\" class=\"wp-image-101\" srcset=\"https:\/\/www.inmec.net\/wp-content\/uploads\/2021\/09\/computer-networking-structured-cabling-2.jpg 684w, https:\/\/www.inmec.net\/wp-content\/uploads\/2021\/09\/computer-networking-structured-cabling-2-300x218.jpg 300w\" sizes=\"auto, (max-width: 684px) 100vw, 684px\" \/><\/figure><\/div>\n","protected":false},"excerpt":{"rendered":"<p>InMEC je posve\u0107en radu sa postoje\u0107im i potencijalnim klijentima na definisanju njihovih potreba i zajedni\u010dkom pronala\u017eenju optimalnih re\u0161enja kako bi postali \u2013 i ostali \u2013 konkurentni u savremenom okru\u017eenju koje karakteri\u0161e ubrzan tehnolo\u0161ki razvoj. Kreiranjem i odr\u017eavanjem pouzdane, skalabilne i fleksibilne mre\u017ene infrastrukture, InMEC svojim klijentima omogu\u0107ava ne samo efikasnije poslovanje u sada\u0161njosti, ve\u0107 ih &hellip; <a href=\"https:\/\/www.inmec.net\/sr\/usluge\/telekomunikacije\/racunarske-mreze-i-strukturisano-kabliranje\/\">Continued<\/a><\/p>\n","protected":false},"author":1,"featured_media":0,"parent":261,"menu_order":0,"comment_status":"closed","ping_status":"closed","template":"","meta":{"_acf_changed":false,"inline_featured_image":false,"footnotes":""},"class_list":["post-263","page","type-page","status-publish","hentry"],"acf":[],"_links":{"self":[{"href":"https:\/\/www.inmec.net\/sr\/wp-json\/wp\/v2\/pages\/263","targetHints":{"allow":["GET"]}}],"collection":[{"href":"https:\/\/www.inmec.net\/sr\/wp-json\/wp\/v2\/pages"}],"about":[{"href":"https:\/\/www.inmec.net\/sr\/wp-json\/wp\/v2\/types\/page"}],"author":[{"embeddable":true,"href":"https:\/\/www.inmec.net\/sr\/wp-json\/wp\/v2\/users\/1"}],"replies":[{"embeddable":true,"href":"https:\/\/www.inmec.net\/sr\/wp-json\/wp\/v2\/comments?post=263"}],"version-history":[{"count":1,"href":"https:\/\/www.inmec.net\/sr\/wp-json\/wp\/v2\/pages\/263\/revisions"}],"predecessor-version":[{"id":264,"href":"https:\/\/www.inmec.net\/sr\/wp-json\/wp\/v2\/pages\/263\/revisions\/264"}],"up":[{"embeddable":true,"href":"https:\/\/www.inmec.net\/sr\/wp-json\/wp\/v2\/pages\/261"}],"wp:attachment":[{"href":"https:\/\/www.inmec.net\/sr\/wp-json\/wp\/v2\/media?parent=263"}],"curies":[{"name":"wp","href":"https:\/\/api.w.org\/{rel}","templated":true}]}}