{"id":261,"date":"2021-09-30T00:51:29","date_gmt":"2021-09-30T00:51:29","guid":{"rendered":"https:\/\/www.inmec.net\/usluge\/telekomunikacije\/"},"modified":"2025-07-06T12:09:24","modified_gmt":"2025-07-06T12:09:24","slug":"telekomunikacije","status":"publish","type":"page","link":"https:\/\/www.inmec.net\/sr\/usluge\/telekomunikacije\/","title":{"rendered":"Telekomunikacije"},"content":{"rendered":"\n<p><strong>InMEC<\/strong> ima iskusne timove i svu neophodnu opremu i alate za projektovanje, izgradnju, instalaciju i pu\u0161tanje u rad, kao i odr\u017eavanje svih vrsta telekomunikacionih mre\u017ea:<\/p>\n\n<ul class=\"wp-block-list\"><li>Opti\u010dke, bakarne i hibridne opti\u010dko-koaksijalne (HFC) mre\u017ee<\/li><li>Transportne i pristupne mre\u017ee<\/li><li>Ra\u010dunarske mre\u017ee i strukturisano kabliranje<\/li><li>Tehni\u010dki sistemi za\u0161tite \u2013 video nadzor, alarmni sistemi, kontrola pristupa i sistemi za upravljanje zgradama.<\/li><\/ul>\n\n<div class=\"wp-block-image\"><figure class=\"aligncenter size-full\"><img loading=\"lazy\" decoding=\"async\" width=\"684\" height=\"496\" src=\"https:\/\/www.inmec.net\/wp-content\/uploads\/2021\/09\/telecommunications-1.jpg\" alt=\"\" class=\"wp-image-112\" srcset=\"https:\/\/www.inmec.net\/wp-content\/uploads\/2021\/09\/telecommunications-1.jpg 684w, https:\/\/www.inmec.net\/wp-content\/uploads\/2021\/09\/telecommunications-1-300x218.jpg 300w\" sizes=\"auto, (max-width: 684px) 100vw, 684px\" \/><\/figure><\/div>\n\n<p><strong>Pasivne opti\u010dke mre\u017ee (PON)<\/strong> i <strong>gigabitne pasivne opti\u010dke mre\u017ee (GPON)<\/strong> za pru\u017eanje opti\u010dke veze krajnjim korisnicima, kako doma\u0107im tako i poslovnim. Na\u0161e usluge u oblasti PON\/GPON mre\u017ea obuhvataju:<\/p>\n\n<ul class=\"wp-block-list\"><li>Upravljanje projektom<\/li><li>Izgradnja opti\u010dkih mre\u017ea<\/li><li>Telekomunikaciona mre\u017ea kanala za opti\u010dka vlakna<\/li><li>Instalacija i konfiguracija MSAN-a (Multi-Service Access Node)<\/li><li>Opti\u010dka veza i glavne opti\u010dke kablovske linije<\/li><li>Migracija korisnika na novu uslugu<\/li><\/ul>\n\n<div class=\"wp-block-image\"><figure class=\"aligncenter size-full\"><img loading=\"lazy\" decoding=\"async\" width=\"684\" height=\"496\" src=\"https:\/\/www.inmec.net\/wp-content\/uploads\/2021\/09\/telecommunications-2.jpg\" alt=\"\" class=\"wp-image-110\" srcset=\"https:\/\/www.inmec.net\/wp-content\/uploads\/2021\/09\/telecommunications-2.jpg 684w, https:\/\/www.inmec.net\/wp-content\/uploads\/2021\/09\/telecommunications-2-300x218.jpg 300w\" sizes=\"auto, (max-width: 684px) 100vw, 684px\" \/><\/figure><\/div>\n\n<p>U zavisnosti od ugovora o projektu sa krajnjim korisnikom, preuzimamo obavezu izvo\u0111enja jedne od slede\u0107ih vrsta priklju\u010daka:<\/p>\n\n<ul class=\"wp-block-list\"><li>FTTC (Fiber To The Curb\/Cabinet)<\/li><li>FTTB (Fiber To The Building)<\/li><li>FTTH (Fiber To The Home) \u2013 od ODP-a (Opti\u010dke distribucione ta\u010dke) do ONT-a (Opti\u010dkog mre\u017enog terminala) krajnjeg korisnika<\/li><\/ul>\n\n<div class=\"wp-block-image\"><figure class=\"aligncenter size-full\"><img loading=\"lazy\" decoding=\"async\" width=\"684\" height=\"496\" src=\"https:\/\/www.inmec.net\/wp-content\/uploads\/2021\/09\/telecommunications-3.jpg\" alt=\"\" class=\"wp-image-111\" srcset=\"https:\/\/www.inmec.net\/wp-content\/uploads\/2021\/09\/telecommunications-3.jpg 684w, https:\/\/www.inmec.net\/wp-content\/uploads\/2021\/09\/telecommunications-3-300x218.jpg 300w\" sizes=\"auto, (max-width: 684px) 100vw, 684px\" \/><\/figure><\/div>\n","protected":false},"excerpt":{"rendered":"<p>InMEC ima iskusne timove i svu neophodnu opremu i alate za projektovanje, izgradnju, instalaciju i pu\u0161tanje u rad, kao i odr\u017eavanje svih vrsta telekomunikacionih mre\u017ea: Opti\u010dke, bakarne i hibridne opti\u010dko-koaksijalne (HFC) mre\u017ee Transportne i pristupne mre\u017ee Ra\u010dunarske mre\u017ee i strukturisano kabliranje Tehni\u010dki sistemi za\u0161tite \u2013 video nadzor, alarmni sistemi, kontrola pristupa i sistemi za upravljanje &hellip; <a href=\"https:\/\/www.inmec.net\/sr\/usluge\/telekomunikacije\/\">Continued<\/a><\/p>\n","protected":false},"author":1,"featured_media":0,"parent":260,"menu_order":1,"comment_status":"closed","ping_status":"closed","template":"","meta":{"_acf_changed":false,"inline_featured_image":false,"footnotes":""},"class_list":["post-261","page","type-page","status-publish","hentry"],"acf":[],"_links":{"self":[{"href":"https:\/\/www.inmec.net\/sr\/wp-json\/wp\/v2\/pages\/261","targetHints":{"allow":["GET"]}}],"collection":[{"href":"https:\/\/www.inmec.net\/sr\/wp-json\/wp\/v2\/pages"}],"about":[{"href":"https:\/\/www.inmec.net\/sr\/wp-json\/wp\/v2\/types\/page"}],"author":[{"embeddable":true,"href":"https:\/\/www.inmec.net\/sr\/wp-json\/wp\/v2\/users\/1"}],"replies":[{"embeddable":true,"href":"https:\/\/www.inmec.net\/sr\/wp-json\/wp\/v2\/comments?post=261"}],"version-history":[{"count":1,"href":"https:\/\/www.inmec.net\/sr\/wp-json\/wp\/v2\/pages\/261\/revisions"}],"predecessor-version":[{"id":262,"href":"https:\/\/www.inmec.net\/sr\/wp-json\/wp\/v2\/pages\/261\/revisions\/262"}],"up":[{"embeddable":true,"href":"https:\/\/www.inmec.net\/sr\/wp-json\/wp\/v2\/pages\/260"}],"wp:attachment":[{"href":"https:\/\/www.inmec.net\/sr\/wp-json\/wp\/v2\/media?parent=261"}],"curies":[{"name":"wp","href":"https:\/\/api.w.org\/{rel}","templated":true}]}}